{"id":104,"date":"2020-10-07T07:59:03","date_gmt":"2020-10-07T07:59:03","guid":{"rendered":"https:\/\/abacentersnj.com\/?page_id=104"},"modified":"2024-01-23T15:46:48","modified_gmt":"2024-01-23T20:46:48","slug":"sobre-nosotros","status":"publish","type":"page","link":"https:\/\/www.abacentersnj.com\/es\/sobre-nosotros\/","title":{"rendered":"Sobre nosotros"},"content":{"rendered":"<div data-elementor-type=\"wp-page\" data-elementor-id=\"104\" class=\"elementor elementor-104\" data-elementor-post-type=\"page\">\n\t\t\t\t\t\t<section class=\"elementor-section elementor-top-section elementor-element elementor-element-77ce804 elementor-section-boxed elementor-section-height-default elementor-section-height-default\" data-id=\"77ce804\" data-element_type=\"section\" data-e-type=\"section\" data-settings=\"{&quot;background_background&quot;:&quot;classic&quot;}\">\n\t\t\t\t\t\t<div class=\"elementor-container elementor-column-gap-default\">\n\t\t\t\t\t<div class=\"elementor-column elementor-col-100 elementor-top-column elementor-element elementor-element-20703ad\" data-id=\"20703ad\" data-element_type=\"column\" data-e-type=\"column\">\n\t\t\t<div class=\"elementor-widget-wrap elementor-element-populated\">\n\t\t\t\t\t\t<div class=\"elementor-element elementor-element-c7e486a elementor-widget elementor-widget-heading\" data-id=\"c7e486a\" data-element_type=\"widget\" data-e-type=\"widget\" data-widget_type=\"heading.default\">\n\t\t\t\t<div class=\"elementor-widget-container\">\n\t\t\t\t\t<h1 class=\"elementor-heading-title elementor-size-default\">Acerca de ABA Centers of New Jersey<\/h1>\t\t\t\t<\/div>\n\t\t\t\t<\/div>\n\t\t\t\t\t<\/div>\n\t\t<\/div>\n\t\t\t\t\t<\/div>\n\t\t<\/section>\n\t\t\t\t<section class=\"elementor-section elementor-top-section elementor-element elementor-element-111e757 elementor-section-boxed elementor-section-height-default elementor-section-height-default\" data-id=\"111e757\" data-element_type=\"section\" data-e-type=\"section\" data-settings=\"{&quot;background_background&quot;:&quot;classic&quot;}\">\n\t\t\t\t\t\t<div class=\"elementor-container elementor-column-gap-default\">\n\t\t\t\t\t<div class=\"elementor-column elementor-col-100 elementor-top-column elementor-element elementor-element-85bfe31\" data-id=\"85bfe31\" data-element_type=\"column\" data-e-type=\"column\">\n\t\t\t<div class=\"elementor-widget-wrap elementor-element-populated\">\n\t\t\t\t\t\t<div class=\"elementor-element elementor-element-ac86162 elementor-widget elementor-widget-text-editor\" data-id=\"ac86162\" data-element_type=\"widget\" data-e-type=\"widget\" data-widget_type=\"text-editor.default\">\n\t\t\t\t<div class=\"elementor-widget-container\">\n\t\t\t\t\t\t\t\t\t<p><img fetchpriority=\"high\" decoding=\"async\" class=\"alignright wp-image-24742 size-full\" src=\"https:\/\/www.abacentersnj.com\/wp-content\/uploads\/team-1.jpg\" alt=\"ABA Team\" width=\"600\" height=\"400\" title=\"\" srcset=\"https:\/\/www.abacentersnj.com\/wp-content\/uploads\/team-1.jpg 600w, https:\/\/www.abacentersnj.com\/wp-content\/uploads\/team-1-300x200.jpg 300w\" sizes=\"(max-width: 600px) 100vw, 600px\" \/>ABA Centers of New Jersey est\u00e1 comprometido a proporcionar terapia individualizada de An\u00e1lisis del Comportamiento Aplicado a las personas con Trastorno del Espectro Autista (TEA).<\/p><p>Nuestros T\u00e9cnicos de Comportamiento (RBT) y Analistas de Comportamiento Certificados (BCBA) colaborar\u00e1n con tu familia para obtener m\u00e1s informaci\u00f3n sobre tu hijo y c\u00f3mo podemos satisfacer sus necesidades b\u00e1sicas. Con d\u00e9cadas de experiencia en el campo del autismo, nuestro equipo est\u00e1 aqu\u00ed para ayudar.<\/p><h2>En Qu\u00e9 Nos Diferenciamos<\/h2><p>Nuestro objetivo es eliminar o reducir dr\u00e1sticamente el tiempo que las familias esperan para comenzar la terapia ABA. Las listas de espera con otros proveedores pueden durar meses o incluso a\u00f1os. Nosotros podemos comenzar a brindar la terapia ABA a nuevos clientes en cuesti\u00f3n de semanas o incluso d\u00edas.\u00a0<\/p><p>La carga de trabajo de nuestros profesionales certificados en ABA se mantiene en un nivel inferior a la mayor\u00eda para garantizar el tiempo suficiente para ofrecer una atenci\u00f3n de calidad a cada cliente. Nuestros clientes, en su mayor\u00eda ni\u00f1os con autismo, son la raz\u00f3n de todo lo que hacemos.\u00a0<\/p><h2>La Terapia ABA: El Est\u00e1ndar de Oro en la Atenci\u00f3n del Autismo<\/h2><p>La terapia de An\u00e1lisis del Comportamiento Aplicado es la \u00fanica terapia basada en la evidencia para el Trastorno del Espectro Autista. Es ampliamente considerada como el \"est\u00e1ndar de oro\" para la atenci\u00f3n del autismo porque tiene la mayor investigaci\u00f3n para respaldar su \u00e9xito. Nuestro equipo de profesionales certificados en ABA trabajar\u00e1 con tu familia para establecer objetivos para un plan de terapia ABA personalizado.<\/p><p>Se ha demostrado que la terapia ABA ayuda a mejorar:<\/p><ul><li>La comunicaci\u00f3n<\/li><li>Cuidado personal<\/li><li>Habilidades sociales<\/li><li>Habilidades de la vida diaria<\/li><li>La atenci\u00f3n, concentraci\u00f3n y memoria<\/li><li>Las habilidades cognitivas<\/li><li>El desempe\u00f1o acad\u00e9mico<\/li><\/ul><h2>Obt\u00e9n una Consulta Gratuita de Terapia ABA<\/h2><p>Cont\u00e1ctanos o llama al (855) 949-1888 para recibir una consulta gratuita y sin compromiso de un miembro de nuestro equipo.<\/p>\t\t\t\t\t\t\t\t<\/div>\n\t\t\t\t<\/div>\n\t\t\t\t<div class=\"elementor-element elementor-element-bcde506 elementor-align-center elementor-widget elementor-widget-button\" data-id=\"bcde506\" data-element_type=\"widget\" data-e-type=\"widget\" data-widget_type=\"button.default\">\n\t\t\t\t<div class=\"elementor-widget-container\">\n\t\t\t\t\t\t\t\t\t<div class=\"elementor-button-wrapper\">\n\t\t\t\t\t<a class=\"elementor-button elementor-button-link elementor-size-sm\" href=\"https:\/\/www.abacentersnj.com\/es\/contactanos\/\">\n\t\t\t\t\t\t<span class=\"elementor-button-content-wrapper\">\n\t\t\t\t\t\t\t\t\t<span class=\"elementor-button-text\">Cont\u00e1ctanos<\/span>\n\t\t\t\t\t<\/span>\n\t\t\t\t\t<\/a>\n\t\t\t\t<\/div>\n\t\t\t\t\t\t\t\t<\/div>\n\t\t\t\t<\/div>\n\t\t\t\t\t<\/div>\n\t\t<\/div>\n\t\t\t\t\t<\/div>\n\t\t<\/section>\n\t\t\t\t<\/div>","protected":false},"excerpt":{"rendered":"<p>About ABA Centers of New Jersey ABA Centers of New Jersey is committed to providing individualized Applied Behavior Analysis therapy to those with Autism Spectrum Disorder (ASD). Our Registered Behavior Technicians (RBTs) and Board Certified Behavior Analysts (BCBAs) will collaborate with your family to learn more about your child and how we can meet their [&hellip;]<\/p>","protected":false},"author":8,"featured_media":0,"parent":0,"menu_order":0,"comment_status":"closed","ping_status":"closed","template":"","meta":{"site-sidebar-layout":"no-sidebar","site-content-layout":"page-builder","ast-site-content-layout":"full-width-container","site-content-style":"unboxed","site-sidebar-style":"unboxed","ast-global-header-display":"","ast-banner-title-visibility":"","ast-main-header-display":"","ast-hfb-above-header-display":"","ast-hfb-below-header-display":"","ast-hfb-mobile-header-display":"","site-post-title":"disabled","ast-breadcrumbs-content":"","ast-featured-img":"disabled","footer-sml-layout":"","theme-transparent-header-meta":"default","adv-header-id-meta":"","stick-header-meta":"","header-above-stick-meta":"","header-main-stick-meta":"","header-below-stick-meta":"","astra-migrate-meta-layouts":"set","ast-page-background-enabled":"default","ast-page-background-meta":{"desktop":{"background-color":"","background-image":"","background-repeat":"repeat","background-position":"center center","background-size":"auto","background-attachment":"scroll","background-type":"","background-media":"","overlay-type":"","overlay-color":"","overlay-opacity":"","overlay-gradient":""},"tablet":{"background-color":"","background-image":"","background-repeat":"repeat","background-position":"center center","background-size":"auto","background-attachment":"scroll","background-type":"","background-media":"","overlay-type":"","overlay-color":"","overlay-opacity":"","overlay-gradient":""},"mobile":{"background-color":"","background-image":"","background-repeat":"repeat","background-position":"center center","background-size":"auto","background-attachment":"scroll","background-type":"","background-media":"","overlay-type":"","overlay-color":"","overlay-opacity":"","overlay-gradient":""}},"ast-content-background-meta":{"desktop":{"background-color":"var(--ast-global-color-5)","background-image":"","background-repeat":"repeat","background-position":"center center","background-size":"auto","background-attachment":"scroll","background-type":"","background-media":"","overlay-type":"","overlay-color":"","overlay-opacity":"","overlay-gradient":""},"tablet":{"background-color":"var(--ast-global-color-5)","background-image":"","background-repeat":"repeat","background-position":"center center","background-size":"auto","background-attachment":"scroll","background-type":"","background-media":"","overlay-type":"","overlay-color":"","overlay-opacity":"","overlay-gradient":""},"mobile":{"background-color":"var(--ast-global-color-5)","background-image":"","background-repeat":"repeat","background-position":"center center","background-size":"auto","background-attachment":"scroll","background-type":"","background-media":"","overlay-type":"","overlay-color":"","overlay-opacity":"","overlay-gradient":""}},"footnotes":""},"class_list":["post-104","page","type-page","status-publish","hentry"],"_links":{"self":[{"href":"https:\/\/www.abacentersnj.com\/es\/wp-json\/wp\/v2\/pages\/104","targetHints":{"allow":["GET"]}}],"collection":[{"href":"https:\/\/www.abacentersnj.com\/es\/wp-json\/wp\/v2\/pages"}],"about":[{"href":"https:\/\/www.abacentersnj.com\/es\/wp-json\/wp\/v2\/types\/page"}],"author":[{"embeddable":true,"href":"https:\/\/www.abacentersnj.com\/es\/wp-json\/wp\/v2\/users\/8"}],"replies":[{"embeddable":true,"href":"https:\/\/www.abacentersnj.com\/es\/wp-json\/wp\/v2\/comments?post=104"}],"version-history":[{"count":0,"href":"https:\/\/www.abacentersnj.com\/es\/wp-json\/wp\/v2\/pages\/104\/revisions"}],"wp:attachment":[{"href":"https:\/\/www.abacentersnj.com\/es\/wp-json\/wp\/v2\/media?parent=104"}],"curies":[{"name":"wp","href":"https:\/\/api.w.org\/{rel}","templated":true}]}}